{"id":28,"date":"2025-01-02T10:29:42","date_gmt":"2025-01-02T10:29:42","guid":{"rendered":"https:\/\/danmarketing.dk\/?page_id=28"},"modified":"2025-01-02T10:31:22","modified_gmt":"2025-01-02T10:31:22","slug":"home-2","status":"publish","type":"page","link":"https:\/\/danmarketing.dk\/","title":{"rendered":"Home"},"content":{"rendered":"\n<div class=\"wp-block-uagb-container uagb-block-c832201d alignfull uagb-is-root-container\">\n<div class=\"wp-block-uagb-container uagb-block-64e228b6 alignfull uagb-is-root-container\"><div class=\"uagb-container-inner-blocks-wrap\">\n<div class=\"wp-block-uagb-info-box uagb-block-22704a2c uagb-infobox__content-wrap  uagb-infobox-icon-above-title uagb-infobox-image-valign-top\"><div class=\"uagb-ifb-content\"><div class=\"uagb-ifb-title-wrap\"><span class=\"uagb-ifb-title-prefix\">Fremtidens Markedsf\u00f8ring<\/span><h1 class=\"uagb-ifb-title\">Skr\u00e6ddersyede marketingl\u00f8sninger til din virksomhed<\/h1><\/div><p class=\"uagb-ifb-desc\">Danmarketing tilbyder effektive strategier til digital markedsf\u00f8ring, der hj\u00e6lper din virksomhed med at vokse og opn\u00e5 konkrete <a href=\"https:\/\/stg.dk?utm_source=danmarketing&amp;utm_medium=link&amp;utm_campaign=hjemmeside_salg\">hjemmeside<\/a> resultater.<\/p><div class=\"uagb-ifb-button-wrapper wp-block-button\"><a href=\"contact\/\" class=\"uagb-infobox-cta-link wp-block-button__link\" target=\"_self\" rel=\"noopener noreferrer\" onclick=\"return true;\"><span class=\"uagb-inline-editing\">Kontakt os<\/span><\/a><\/div><\/div><\/div>\n\n\n\n<div class=\"wp-block-uagb-container uagb-layout-grid uagb-block-e7a2d7c6\">\n<div class=\"wp-block-uagb-image alignleft uagb-block-88186def wp-block-uagb-image--layout-default wp-block-uagb-image--effect-static wp-block-uagb-image--align-left\"><figure class=\"wp-block-uagb-image__figure\"><img decoding=\"async\" srcset=\"https:\/\/danmarketing.dk\/wp-content\/uploads\/2025\/01\/pexels-photo-270637.jpeg ,https:\/\/danmarketing.dk\/wp-content\/uploads\/2025\/01\/pexels-photo-270637.jpeg 780w, https:\/\/danmarketing.dk\/wp-content\/uploads\/2025\/01\/pexels-photo-270637.jpeg 360w\" sizes=\"auto, (max-width: 480px) 150px\" src=\"https:\/\/danmarketing.dk\/wp-content\/uploads\/2025\/01\/pexels-photo-270637.jpeg\" alt=\"\" class=\"uag-image-7\" width=\"600\" height=\"374\" title=\"discover\" loading=\"lazy\" role=\"img\"\/><\/figure><\/div>\n\n\n\n<div class=\"wp-block-uagb-container uagb-layout-grid uagb-block-62d4b270\">\n<div class=\"wp-block-uagb-counter uagb-block-c94a9d10 wp-block-uagb-counter--number\"><div class=\"wp-block-uagb-counter__number\"><span class=\"uagb-counter-block-number\" data-duration=\"1.5\" data-to-value=\"20\" data-from-value=\"0\" data-delimiter=\",\"><\/span><span class=\"uagb-counter-block-suffix\">+<\/span><\/div><div class=\"wp-block-uagb-counter__title\">\u00c5rs erfaring<\/div><\/div>\n\n\n\n<div class=\"wp-block-uagb-counter uagb-block-9d06e675 wp-block-uagb-counter--number\"><div class=\"wp-block-uagb-counter__number\"><span class=\"uagb-counter-block-number\" data-duration=\"1.5\" data-to-value=\"40\" data-from-value=\"0\" data-delimiter=\",\"><\/span><span class=\"uagb-counter-block-suffix\">+<\/span><\/div><div class=\"wp-block-uagb-counter__title\">Teammedlemmer<\/div><\/div>\n\n\n\n<div class=\"wp-block-uagb-counter uagb-block-368adb1a wp-block-uagb-counter--number\"><div class=\"wp-block-uagb-counter__number\"><span class=\"uagb-counter-block-number\" data-duration=\"1.5\" data-to-value=\"98\" data-from-value=\"0\" data-delimiter=\",\"><\/span><span class=\"uagb-counter-block-suffix\">%<\/span><\/div><div class=\"wp-block-uagb-counter__title\">Tilfreds Kunde<\/div><\/div>\n\n\n\n<div class=\"wp-block-uagb-counter uagb-block-d5e79842 wp-block-uagb-counter--number\"><div class=\"wp-block-uagb-counter__number\"><span class=\"uagb-counter-block-number\" data-duration=\"1.5\" data-to-value=\"500\" data-from-value=\"0\" data-delimiter=\",\"><\/span><span class=\"uagb-counter-block-suffix\">+<\/span><\/div><div class=\"wp-block-uagb-counter__title\">Projekt Fuldf\u00f8rt<\/div><\/div>\n<\/div>\n<\/div>\n<\/div><\/div>\n<\/div>\n\n\n\n<div class=\"wp-block-uagb-container uagb-block-8e70baa8 alignfull uagb-is-root-container\"><div class=\"uagb-container-inner-blocks-wrap\">\n<div class=\"wp-block-uagb-advanced-heading uagb-block-238f54b6\"><p class=\"uagb-desc-text\">Om os<\/p><h2 class=\"uagb-heading-text\">Danmarketing: En passioneret rejse mod succesfuld markedsf\u00f8ring<\/h2><\/div>\n\n\n\n<div class=\"wp-block-uagb-container uagb-layout-grid uagb-block-440ea6bf\">\n<div class=\"wp-block-uagb-image uagb-block-2495c617 wp-block-uagb-image--layout-default wp-block-uagb-image--effect-static wp-block-uagb-image--align-none\"><figure class=\"wp-block-uagb-image__figure\"><img decoding=\"async\" srcset=\"https:\/\/danmarketing.dk\/wp-content\/uploads\/2025\/01\/pexels-photo-265087.jpeg ,https:\/\/danmarketing.dk\/wp-content\/uploads\/2025\/01\/pexels-photo-265087.jpeg 780w, https:\/\/danmarketing.dk\/wp-content\/uploads\/2025\/01\/pexels-photo-265087.jpeg 360w\" sizes=\"auto, (max-width: 480px) 150px\" src=\"https:\/\/danmarketing.dk\/wp-content\/uploads\/2025\/01\/pexels-photo-265087.jpeg\" alt=\"\" class=\"uag-image-8\" width=\"560\" height=\"500\" title=\"about-us\" loading=\"lazy\" role=\"img\"\/><\/figure><\/div>\n\n\n\n<div class=\"wp-block-uagb-container uagb-block-6086e171\">\n<div class=\"wp-block-uagb-advanced-heading uagb-block-b7dbe933\"><div class=\"uagb-separator\"><\/div><h3 class=\"uagb-heading-text\">Vi skaber skr\u00e6ddersyede l\u00f8sninger for virksomheder i alle st\u00f8rrelser.<\/h3><p class=\"uagb-desc-text\">Danmarketing har hjulpet adskillige virksomheder med at forbedre deres online synlighed og opn\u00e5 m\u00e6rkbare resultater gennem innovative marketingstrategier.<\/p><\/div>\n\n\n\n<div class=\"wp-block-uagb-icon-list uagb-block-92c6b5ac\"><div class=\"uagb-icon-list__wrap\">\n<div class=\"wp-block-uagb-icon-list-child uagb-block-61505c3f\"><span class=\"uagb-icon-list__source-wrap\"><svg xmlns=\"https:\/\/www.w3.org\/2000\/svg\" viewBox=\"0 0 448 512\"><path d=\"M438.6 105.4C451.1 117.9 451.1 138.1 438.6 150.6L182.6 406.6C170.1 419.1 149.9 419.1 137.4 406.6L9.372 278.6C-3.124 266.1-3.124 245.9 9.372 233.4C21.87 220.9 42.13 220.9 54.63 233.4L159.1 338.7L393.4 105.4C405.9 92.88 426.1 92.88 438.6 105.4H438.6z\"><\/path><\/svg><\/span><span class=\"uagb-icon-list__label\">Erfarent team af marketingprofessionelle<\/span><\/div>\n\n\n\n<div class=\"wp-block-uagb-icon-list-child uagb-block-3f25dd4d\"><span class=\"uagb-icon-list__source-wrap\"><svg xmlns=\"https:\/\/www.w3.org\/2000\/svg\" viewBox=\"0 0 448 512\"><path d=\"M438.6 105.4C451.1 117.9 451.1 138.1 438.6 150.6L182.6 406.6C170.1 419.1 149.9 419.1 137.4 406.6L9.372 278.6C-3.124 266.1-3.124 245.9 9.372 233.4C21.87 220.9 42.13 220.9 54.63 233.4L159.1 338.7L393.4 105.4C405.9 92.88 426.1 92.88 438.6 105.4H438.6z\"><\/path><\/svg><\/span><span class=\"uagb-icon-list__label\">Skr\u00e6ddersyede l\u00f8sninger til alle kunder<\/span><\/div>\n\n\n\n<div class=\"wp-block-uagb-icon-list-child uagb-block-3eef7c3c\"><span class=\"uagb-icon-list__source-wrap\"><svg xmlns=\"https:\/\/www.w3.org\/2000\/svg\" viewBox=\"0 0 448 512\"><path d=\"M438.6 105.4C451.1 117.9 451.1 138.1 438.6 150.6L182.6 406.6C170.1 419.1 149.9 419.1 137.4 406.6L9.372 278.6C-3.124 266.1-3.124 245.9 9.372 233.4C21.87 220.9 42.13 220.9 54.63 233.4L159.1 338.7L393.4 105.4C405.9 92.88 426.1 92.88 438.6 105.4H438.6z\"><\/path><\/svg><\/span><span class=\"uagb-icon-list__label\">Fokus p\u00e5 m\u00e5ling af resultater<\/span><\/div>\n<\/div><\/div>\n\n\n\n<div class=\"wp-block-uagb-buttons uagb-buttons__outer-wrap uagb-btn__default-btn uagb-btn-tablet__default-btn uagb-btn-mobile__default-btn uagb-block-10a19b69\"><div class=\"uagb-buttons__wrap uagb-buttons-layout-wrap \">\n<div class=\"wp-block-uagb-buttons-child uagb-buttons__outer-wrap uagb-block-78594fe2 wp-block-button\"><div class=\"uagb-button__wrapper\"><a class=\"uagb-buttons-repeater wp-block-button__link\" aria-label=\"\" href=\"services\/\" rel=\"follow noopener\" target=\"_self\" role=\"button\"><div class=\"uagb-button__link\">Alt om os<\/div><\/a><\/div><\/div>\n<\/div><\/div>\n<\/div>\n<\/div>\n<\/div><\/div>\n\n\n\n<div class=\"wp-block-uagb-container uagb-block-a31a30fe alignfull uagb-is-root-container\"><div class=\"uagb-container-inner-blocks-wrap\">\n<div class=\"wp-block-uagb-container uagb-block-eca364b1\">\n<div class=\"wp-block-uagb-container uagb-block-d1dd5338\">\n<div class=\"wp-block-uagb-container uagb-layout-grid uagb-block-586c46e8\">\n<div class=\"wp-block-uagb-advanced-heading uagb-block-8bca50c3\"><h4 class=\"uagb-heading-text\">01<\/h4><\/div>\n\n\n\n<div class=\"wp-block-uagb-advanced-heading uagb-block-e9723c7e\"><h3 class=\"uagb-heading-text\">Digital Markedsf\u00f8ring<\/h3><\/div>\n<\/div>\n\n\n\n<div class=\"wp-block-uagb-container uagb-layout-grid uagb-block-3689c5db\">\n<div class=\"wp-block-uagb-advanced-heading uagb-block-7519947d\"><h4 class=\"uagb-heading-text\">02<\/h4><\/div>\n\n\n\n<div class=\"wp-block-uagb-advanced-heading uagb-block-3a3a9da2\"><h3 class=\"uagb-heading-text\">Strategiudvikling<\/h3><\/div>\n<\/div>\n\n\n\n<div class=\"wp-block-uagb-container uagb-layout-grid uagb-block-93e24c36\">\n<div class=\"wp-block-uagb-advanced-heading uagb-block-61f78184\"><h4 class=\"uagb-heading-text\">03<\/h4><\/div>\n\n\n\n<div class=\"wp-block-uagb-advanced-heading uagb-block-ca0ac2e2\"><h3 class=\"uagb-heading-text\">Branding&amp; Identitet<\/h3><\/div>\n<\/div>\n<\/div>\n\n\n\n<div class=\"wp-block-uagb-container uagb-block-729bfe4d\">\n<div class=\"wp-block-uagb-info-box uagb-block-27b675ac uagb-infobox__content-wrap  uagb-infobox-icon-above-title uagb-infobox-image-valign-top\"><div class=\"uagb-ifb-content\"><div class=\"uagb-ifb-title-wrap\"><p class=\"uagb-ifb-title-prefix\">Vores tjenester<\/p><h2 class=\"uagb-ifb-title\">Digital markedsf\u00f8ring, strategi og branding<\/h2><\/div><p class=\"uagb-ifb-desc\">Vi tilbyder et bredt udvalg af tjenester til at underst\u00f8tte dit brands v\u00e6kst og synlighed i det digitale rum.<\/p><div class=\"uagb-ifb-button-wrapper wp-block-button\"><a href=\"services\/\" class=\"uagb-infobox-cta-link wp-block-button__link\" target=\"_self\" rel=\"noopener noreferrer\" onclick=\"return true;\"><span class=\"uagb-inline-editing\">L\u00e6s Mere<\/span><\/a><\/div><\/div><\/div>\n<\/div>\n<\/div>\n<\/div><\/div>\n\n\n\n<div class=\"wp-block-uagb-container uagb-block-2e06931e alignfull uagb-is-root-container\"><div class=\"uagb-container-inner-blocks-wrap\">\n<div class=\"wp-block-uagb-container uagb-block-040867ae\">\n<div class=\"wp-block-uagb-info-box uagb-block-9dc3d377 uagb-infobox__content-wrap  uagb-infobox-icon-above-title uagb-infobox-image-valign-top wp-block-uagb-info-box--has-margin\"><div class=\"uagb-infobox-margin-wrapper\"><div class=\"uagb-ifb-content\"><div class=\"uagb-ifb-title-wrap\"><div class=\"uagb-ifb-separator\"><\/div><h2 class=\"uagb-ifb-title\">Vil du tage din virksomhed til n\u00e6ste niveau? Kontakt os i dag!<\/h2><\/div><div class=\"uagb-ifb-button-wrapper wp-block-button\"><a href=\"contact\/\" class=\"uagb-infobox-cta-link wp-block-button__link\" target=\"_self\" rel=\"noopener noreferrer\" onclick=\"return true;\"><span class=\"uagb-inline-editing\">Kontakt os<\/span><\/a><\/div><\/div><\/div><\/div>\n<\/div>\n<\/div><\/div>\n\n\n\n<div class=\"wp-block-uagb-container uagb-block-65ca346b alignfull uagb-is-root-container\"><div class=\"uagb-container-inner-blocks-wrap\">\n<div class=\"wp-block-uagb-advanced-heading uagb-block-2e2f5ae6\"><p class=\"uagb-desc-text\">S\u00e5dan arbejder vi<\/p><h2 class=\"uagb-heading-text\">Effektive strategier der fungerer<\/h2><\/div>\n\n\n\n<div class=\"wp-block-uagb-container uagb-block-64b2afa7\">\n<div class=\"wp-block-uagb-container uagb-block-5f3c304b\">\n<div class=\"wp-block-uagb-container uagb-layout-grid uagb-block-83d5db4c\">\n<div class=\"wp-block-uagb-advanced-heading uagb-block-0368c07f\"><p class=\"uagb-desc-text\">Step<\/p><\/div>\n\n\n\n<div class=\"wp-block-uagb-advanced-heading uagb-block-75d61706\"><h2 class=\"uagb-heading-text\">01<\/h2><\/div>\n<\/div>\n\n\n\n<div class=\"wp-block-uagb-advanced-heading uagb-block-058b9313\"><p class=\"uagb-heading-text\">Analyse<\/p><p class=\"uagb-desc-text\">Vi udf\u00f8rer en grundig analyse af dine behov og markedet.<\/p><\/div>\n<\/div>\n\n\n\n<div class=\"wp-block-uagb-container uagb-block-d9284c02\">\n<div class=\"wp-block-uagb-container uagb-layout-grid uagb-block-19ef9116\">\n<div class=\"wp-block-uagb-advanced-heading uagb-block-8a638f21\"><p class=\"uagb-desc-text\">Step<\/p><\/div>\n\n\n\n<div class=\"wp-block-uagb-advanced-heading uagb-block-10b727d7\"><h2 class=\"uagb-heading-text\">02<\/h2><\/div>\n<\/div>\n\n\n\n<div class=\"wp-block-uagb-advanced-heading uagb-block-70a66198\"><p class=\"uagb-heading-text\">Strategi<\/p><p class=\"uagb-desc-text\">Vi udvikler en tilpasset strategi baseret p\u00e5 analyserne.<\/p><\/div>\n<\/div>\n\n\n\n<div class=\"wp-block-uagb-container uagb-block-96696703\">\n<div class=\"wp-block-uagb-container uagb-layout-grid uagb-block-9a5e32d4\">\n<div class=\"wp-block-uagb-advanced-heading uagb-block-67b7aa46\"><p class=\"uagb-desc-text\">Step<\/p><\/div>\n\n\n\n<div class=\"wp-block-uagb-advanced-heading uagb-block-ebc92c9d\"><h2 class=\"uagb-heading-text\">03<\/h2><\/div>\n<\/div>\n\n\n\n<div class=\"wp-block-uagb-advanced-heading uagb-block-097d06d1\"><p class=\"uagb-heading-text\">Implementering<\/p><p class=\"uagb-desc-text\">Vi implementerer strategien med fokus p\u00e5 optimale resultater.<\/p><\/div>\n<\/div>\n<\/div>\n<\/div><\/div>\n\n\n\n<div class=\"wp-block-uagb-container uagb-block-d47175bd alignfull uagb-is-root-container\"><div class=\"uagb-container-inner-blocks-wrap\">\n<div class=\"wp-block-uagb-container uagb-block-1371e62b\">\n<div class=\"wp-block-uagb-advanced-heading uagb-block-da4ce6f2\"><p class=\"uagb-desc-text\">Kundernes ord<\/p><h2 class=\"uagb-heading-text\">Hvad vores kunder siger<\/h2><\/div>\n\n\n\n<div class=\"wp-block-uagb-container uagb-layout-grid uagb-block-ee92ab9c\">\n<div class=\"wp-block-uagb-advanced-heading uagb-block-846c4a26\"><h2 class=\"uagb-heading-text\">4.8<\/h2><\/div>\n\n\n\n<div class=\"wp-block-uagb-star-rating uagb-block-7c628085\"><p class=\"uag-star-rating__title\">Google Vurderinger<\/p><div class=\"uag-star-rating\" title=\"4\/5\"><span class=\"uag-star\">\u2605<\/span><span class=\"uag-star\">\u2605<\/span><span class=\"uag-star\">\u2605<\/span><span class=\"uag-star\">\u2605<\/span><span class=\"uag-star\">\u2605<\/span><\/div><\/div>\n<\/div>\n<\/div>\n\n\n\n<div class=\"wp-block-uagb-container uagb-block-a5e7e7bb\">\n<div class=\"wp-block-uagb-container uagb-block-09a86fc7\">\n<div class=\"wp-block-uagb-info-box uagb-block-718136a5 uagb-infobox__content-wrap  uagb-infobox-icon-left-title uagb-infobox-left uagb-infobox-image-valign-top\"><div class=\"uagb-ifb-content\"><div class=\"uagb-ifb-left-title-image\"><div class=\"uagb-ifb-icon-wrap\"><svg xmlns=\"https:\/\/www.w3.org\/2000\/svg\" viewBox=\"0 0 448 512\"><path d=\"M96 96C42.98 96 0 138.1 0 192s42.98 96 96 96c11.28 0 21.95-2.305 32-5.879V288c0 35.3-28.7 64-64 64c-17.67 0-32 14.33-32 32s14.33 32 32 32c70.58 0 128-57.42 128-128V192C192 138.1 149 96 96 96zM448 192c0-53.02-42.98-96-96-96s-96 42.98-96 96s42.98 96 96 96c11.28 0 21.95-2.305 32-5.879V288c0 35.3-28.7 64-64 64c-17.67 0-32 14.33-32 32s14.33 32 32 32c70.58 0 128-57.42 128-128V192z\"><\/path><\/svg><\/div><div class=\"uagb-ifb-title-wrap\"><p class=\"uagb-ifb-title\">Danmarketing har v\u00e6ret en game changer for vores virksomhed. Deres ekspertise i digital markedsf\u00f8ring har betydet en betydelig v\u00e6kst for os.<\/p><\/div><\/div><\/div><\/div>\n\n\n\n<div class=\"wp-block-uagb-container uagb-layout-grid uagb-block-a0650ae5\">\n<div class=\"wp-block-uagb-advanced-heading uagb-block-479390f3\"><h3 class=\"uagb-heading-text\">4.7*<\/h3><\/div>\n\n\n\n<div class=\"wp-block-uagb-container uagb-layout-grid uagb-block-de98522d\">\n<div class=\"wp-block-uagb-image alignleft uagb-block-cb1e0462 wp-block-uagb-image--layout-default wp-block-uagb-image--effect-static wp-block-uagb-image--align-left\"><figure class=\"wp-block-uagb-image__figure\"><img decoding=\"async\" srcset=\"https:\/\/danmarketing.dk\/wp-content\/uploads\/2024\/06\/testimonial-skip-01.jpg ,https:\/\/danmarketing.dk\/wp-content\/uploads\/2024\/06\/testimonial-skip-01.jpg 780w, https:\/\/danmarketing.dk\/wp-content\/uploads\/2024\/06\/testimonial-skip-01.jpg 360w\" sizes=\"auto, (max-width: 480px) 150px\" src=\"https:\/\/danmarketing.dk\/wp-content\/uploads\/2024\/06\/testimonial-skip-01.jpg\" alt=\"\" class=\"uag-image-191\" width=\"60\" height=\"60\" title=\"testimonial-skip-01\" loading=\"lazy\" role=\"img\"\/><\/figure><\/div>\n\n\n\n<div class=\"wp-block-uagb-advanced-heading uagb-block-417256d0\"><h4 class=\"uagb-heading-text\">Martin Jensen<\/h4><p class=\"uagb-desc-text\">Virksomhedsejer<\/p><\/div>\n<\/div>\n<\/div>\n<\/div>\n\n\n\n<div class=\"wp-block-uagb-container uagb-block-90547aeb\">\n<div class=\"wp-block-uagb-info-box uagb-block-f8a979a9 uagb-infobox__content-wrap  uagb-infobox-icon-left-title uagb-infobox-left uagb-infobox-image-valign-top\"><div class=\"uagb-ifb-content\"><div class=\"uagb-ifb-left-title-image\"><div class=\"uagb-ifb-icon-wrap\"><svg xmlns=\"https:\/\/www.w3.org\/2000\/svg\" viewBox=\"0 0 448 512\"><path d=\"M96 96C42.98 96 0 138.1 0 192s42.98 96 96 96c11.28 0 21.95-2.305 32-5.879V288c0 35.3-28.7 64-64 64c-17.67 0-32 14.33-32 32s14.33 32 32 32c70.58 0 128-57.42 128-128V192C192 138.1 149 96 96 96zM448 192c0-53.02-42.98-96-96-96s-96 42.98-96 96s42.98 96 96 96c11.28 0 21.95-2.305 32-5.879V288c0 35.3-28.7 64-64 64c-17.67 0-32 14.33-32 32s14.33 32 32 32c70.58 0 128-57.42 128-128V192z\"><\/path><\/svg><\/div><div class=\"uagb-ifb-title-wrap\"><p class=\"uagb-ifb-title\">Vi har altid f\u00f8lt os i gode h\u00e6nder hos Danmarketing. De forst\u00e5r vores behov og leverer imponerende resultater.<\/p><\/div><\/div><\/div><\/div>\n\n\n\n<div class=\"wp-block-uagb-container uagb-layout-grid uagb-block-aae9d649\">\n<div class=\"wp-block-uagb-advanced-heading uagb-block-32bb274f\"><h3 class=\"uagb-heading-text\">4.7*<\/h3><\/div>\n\n\n\n<div class=\"wp-block-uagb-container uagb-layout-grid uagb-block-7cb9e745\">\n<div class=\"wp-block-uagb-image alignleft uagb-block-5d03b009 wp-block-uagb-image--layout-default wp-block-uagb-image--effect-static wp-block-uagb-image--align-left\"><figure class=\"wp-block-uagb-image__figure\"><img decoding=\"async\" srcset=\"https:\/\/danmarketing.dk\/wp-content\/uploads\/2024\/06\/testimonial-skip-02.jpg ,https:\/\/danmarketing.dk\/wp-content\/uploads\/2024\/06\/testimonial-skip-02.jpg 780w, https:\/\/danmarketing.dk\/wp-content\/uploads\/2024\/06\/testimonial-skip-02.jpg 360w\" sizes=\"auto, (max-width: 480px) 150px\" src=\"https:\/\/danmarketing.dk\/wp-content\/uploads\/2024\/06\/testimonial-skip-02.jpg\" alt=\"\" class=\"uag-image-192\" width=\"60\" height=\"60\" title=\"testimonial-skip-02\" loading=\"lazy\" role=\"img\"\/><\/figure><\/div>\n\n\n\n<div class=\"wp-block-uagb-advanced-heading uagb-block-68398f7c\"><h4 class=\"uagb-heading-text\">Sofie Nielsen<\/h4><p class=\"uagb-desc-text\">Virksomhedsejer<\/p><\/div>\n<\/div>\n<\/div>\n<\/div>\n\n\n\n<div class=\"wp-block-uagb-container uagb-block-6e3dad8a\">\n<div class=\"wp-block-uagb-info-box uagb-block-49dc7006 uagb-infobox__content-wrap  uagb-infobox-icon-left-title uagb-infobox-left uagb-infobox-image-valign-top\"><div class=\"uagb-ifb-content\"><div class=\"uagb-ifb-left-title-image\"><div class=\"uagb-ifb-icon-wrap\"><svg xmlns=\"https:\/\/www.w3.org\/2000\/svg\" viewBox=\"0 0 448 512\"><path d=\"M96 96C42.98 96 0 138.1 0 192s42.98 96 96 96c11.28 0 21.95-2.305 32-5.879V288c0 35.3-28.7 64-64 64c-17.67 0-32 14.33-32 32s14.33 32 32 32c70.58 0 128-57.42 128-128V192C192 138.1 149 96 96 96zM448 192c0-53.02-42.98-96-96-96s-96 42.98-96 96s42.98 96 96 96c11.28 0 21.95-2.305 32-5.879V288c0 35.3-28.7 64-64 64c-17.67 0-32 14.33-32 32s14.33 32 32 32c70.58 0 128-57.42 128-128V192z\"><\/path><\/svg><\/div><div class=\"uagb-ifb-title-wrap\"><p class=\"uagb-ifb-title\">Danmarketing har hjulpet os med at refokusere vores branding, hvilket har f\u00f8rt til flere leads end nogensinde f\u00f8r.<\/p><\/div><\/div><\/div><\/div>\n\n\n\n<div class=\"wp-block-uagb-container uagb-layout-grid uagb-block-6a4dd088\">\n<div class=\"wp-block-uagb-advanced-heading uagb-block-a5d162fe\"><h3 class=\"uagb-heading-text\">4.7*<\/h3><\/div>\n\n\n\n<div class=\"wp-block-uagb-container uagb-layout-grid uagb-block-736a4d93\">\n<div class=\"wp-block-uagb-image alignleft uagb-block-6fc1dadc wp-block-uagb-image--layout-default wp-block-uagb-image--effect-static wp-block-uagb-image--align-left\"><figure class=\"wp-block-uagb-image__figure\"><img decoding=\"async\" srcset=\"https:\/\/danmarketing.dk\/wp-content\/uploads\/2024\/06\/testimonial-skip-03.jpg ,https:\/\/danmarketing.dk\/wp-content\/uploads\/2024\/06\/testimonial-skip-03.jpg 780w, https:\/\/danmarketing.dk\/wp-content\/uploads\/2024\/06\/testimonial-skip-03.jpg 360w\" sizes=\"auto, (max-width: 480px) 150px\" src=\"https:\/\/danmarketing.dk\/wp-content\/uploads\/2024\/06\/testimonial-skip-03.jpg\" alt=\"\" class=\"uag-image-193\" width=\"60\" height=\"60\" title=\"testimonial-skip-03\" loading=\"lazy\" role=\"img\"\/><\/figure><\/div>\n\n\n\n<div class=\"wp-block-uagb-advanced-heading uagb-block-d085d49a\"><h4 class=\"uagb-heading-text\">Maja Andersen<\/h4><p class=\"uagb-desc-text\">Virksomhedsejer<\/p><\/div>\n<\/div>\n<\/div>\n<\/div>\n<\/div>\n<\/div><\/div>\n\n\n\n<div class=\"wp-block-uagb-container uagb-block-288b055f alignfull uagb-is-root-container\"><div class=\"uagb-container-inner-blocks-wrap\">\n<div class=\"wp-block-uagb-container uag-blocks-common-selector uagb-layout-grid uagb-block-f5b117b5 default uagb-is-root-container\">\n<div class=\"wp-block-uagb-info-box uagb-block-23d92e6f uagb-infobox__content-wrap  uagb-infobox-icon-above-title uagb-infobox-image-valign-top\"><div class=\"uagb-ifb-content\"><div class=\"uagb-ifb-title-wrap\"><span class=\"uagb-ifb-title-prefix\">Lad os starte<\/span><h2 class=\"uagb-ifb-title\">Tag kontakt til Danmarketing for at h\u00f8re mere<\/h2><\/div><p class=\"uagb-ifb-desc\">Vi st\u00e5r klar til at hj\u00e6lpe din virksomhed med at vokse.<\/p><\/div><\/div>\n\n\n\n<div class=\"wp-block-uagb-buttons uagb-buttons__outer-wrap uagb-btn__default-btn uagb-btn-tablet__default-btn uagb-btn-mobile__default-btn uagb-block-7f94030b\"><div class=\"uagb-buttons__wrap uagb-buttons-layout-wrap \">\n<div class=\"wp-block-uagb-buttons-child uagb-buttons__outer-wrap uagb-block-01974e58 wp-block-button\"><div class=\"uagb-button__wrapper\"><a class=\"uagb-buttons-repeater wp-block-button__link\" aria-label=\"\" href=\"contact\/\" rel=\"follow noopener\" target=\"_self\" role=\"button\"><div class=\"uagb-button__link\">Kontakt os<\/div><\/a><\/div><\/div>\n<\/div><\/div>\n<\/div>\n<\/div><\/div>\n\n\n\n<p><\/p>\n","protected":false},"excerpt":{"rendered":"<p>Om os Danmarketing: En passioneret rejse mod succesfuld markedsf\u00f8ring Vi skaber skr\u00e6ddersyede l\u00f8sninger for virksomheder i alle st\u00f8rrelser. Danmarketing har [&hellip;]<\/p>\n","protected":false},"author":1,"featured_media":0,"parent":0,"menu_order":0,"comment_status":"closed","ping_status":"closed","template":"","meta":{"_uag_custom_page_level_css":"","site-sidebar-layout":"default","site-content-layout":"","ast-site-content-layout":"default","site-content-style":"default","site-sidebar-style":"default","ast-global-header-display":"","ast-banner-title-visibility":"","ast-main-header-display":"","ast-hfb-above-header-display":"","ast-hfb-below-header-display":"","ast-hfb-mobile-header-display":"","site-post-title":"disabled","ast-breadcrumbs-content":"","ast-featured-img":"","footer-sml-layout":"","theme-transparent-header-meta":"","adv-header-id-meta":"","stick-header-meta":"","header-above-stick-meta":"","header-main-stick-meta":"","header-below-stick-meta":"","astra-migrate-meta-layouts":"default","ast-page-background-enabled":"default","ast-page-background-meta":{"desktop":{"background-color":"var(--ast-global-color-4)","background-image":"","background-repeat":"repeat","background-position":"center center","background-size":"auto","background-attachment":"scroll","background-type":"","background-media":"","overlay-type":"","overlay-color":"","overlay-opacity":"","overlay-gradient":""},"tablet":{"background-color":"","background-image":"","background-repeat":"repeat","background-position":"center center","background-size":"auto","background-attachment":"scroll","background-type":"","background-media":"","overlay-type":"","overlay-color":"","overlay-opacity":"","overlay-gradient":""},"mobile":{"background-color":"","background-image":"","background-repeat":"repeat","background-position":"center center","background-size":"auto","background-attachment":"scroll","background-type":"","background-media":"","overlay-type":"","overlay-color":"","overlay-opacity":"","overlay-gradient":""}},"ast-content-background-meta":{"desktop":{"background-color":"var(--ast-global-color-5)","background-image":"","background-repeat":"repeat","background-position":"center center","background-size":"auto","background-attachment":"scroll","background-type":"","background-media":"","overlay-type":"","overlay-color":"","overlay-opacity":"","overlay-gradient":""},"tablet":{"background-color":"var(--ast-global-color-5)","background-image":"","background-repeat":"repeat","background-position":"center center","background-size":"auto","background-attachment":"scroll","background-type":"","background-media":"","overlay-type":"","overlay-color":"","overlay-opacity":"","overlay-gradient":""},"mobile":{"background-color":"var(--ast-global-color-5)","background-image":"","background-repeat":"repeat","background-position":"center center","background-size":"auto","background-attachment":"scroll","background-type":"","background-media":"","overlay-type":"","overlay-color":"","overlay-opacity":"","overlay-gradient":""}},"footnotes":""},"class_list":["post-28","page","type-page","status-publish","hentry"],"uagb_featured_image_src":{"full":false,"thumbnail":false,"medium":false,"medium_large":false,"large":false,"1536x1536":false,"2048x2048":false},"uagb_author_info":{"display_name":"admin","author_link":"https:\/\/danmarketing.dk\/?author=1"},"uagb_comment_info":0,"uagb_excerpt":"Om os Danmarketing: En passioneret rejse mod succesfuld markedsf\u00f8ring Vi skaber skr\u00e6ddersyede l\u00f8sninger for virksomheder i alle st\u00f8rrelser. Danmarketing har [&hellip;]","_links":{"self":[{"href":"https:\/\/danmarketing.dk\/index.php?rest_route=\/wp\/v2\/pages\/28","targetHints":{"allow":["GET"]}}],"collection":[{"href":"https:\/\/danmarketing.dk\/index.php?rest_route=\/wp\/v2\/pages"}],"about":[{"href":"https:\/\/danmarketing.dk\/index.php?rest_route=\/wp\/v2\/types\/page"}],"author":[{"embeddable":true,"href":"https:\/\/danmarketing.dk\/index.php?rest_route=\/wp\/v2\/users\/1"}],"replies":[{"embeddable":true,"href":"https:\/\/danmarketing.dk\/index.php?rest_route=%2Fwp%2Fv2%2Fcomments&post=28"}],"version-history":[{"count":3,"href":"https:\/\/danmarketing.dk\/index.php?rest_route=\/wp\/v2\/pages\/28\/revisions"}],"predecessor-version":[{"id":326,"href":"https:\/\/danmarketing.dk\/index.php?rest_route=\/wp\/v2\/pages\/28\/revisions\/326"}],"wp:attachment":[{"href":"https:\/\/danmarketing.dk\/index.php?rest_route=%2Fwp%2Fv2%2Fmedia&parent=28"}],"curies":[{"name":"wp","href":"https:\/\/api.w.org\/{rel}","templated":true}]}}