{"id":29,"date":"2025-01-02T10:29:42","date_gmt":"2025-01-02T10:29:42","guid":{"rendered":"https:\/\/danmarketing.dk\/?page_id=29"},"modified":"2025-01-02T10:29:45","modified_gmt":"2025-01-02T10:29:45","slug":"about","status":"publish","type":"page","link":"https:\/\/danmarketing.dk\/?page_id=29","title":{"rendered":"About"},"content":{"rendered":"\n<div class=\"wp-block-uagb-container uagb-block-c832201d alignfull uagb-is-root-container\">\n<div class=\"wp-block-uagb-container uagb-block-64e228b6 alignfull uagb-is-root-container\"><div class=\"uagb-container-inner-blocks-wrap\">\n<div class=\"wp-block-uagb-advanced-heading uagb-block-c75532a5\"><p class=\"uagb-desc-text\">Opdag vores marketingekspertise<\/p><h1 class=\"uagb-heading-text\">Vi hj\u00e6lper virksomheder med at vokse digitalt<\/h1><\/div>\n<\/div><\/div>\n<\/div>\n\n\n\n<div class=\"wp-block-uagb-container uagb-block-8e70baa8 alignfull uagb-is-root-container\"><div class=\"uagb-container-inner-blocks-wrap\">\n<div class=\"wp-block-uagb-advanced-heading uagb-block-238f54b6\"><p class=\"uagb-desc-text\">Om os<\/p><h2 class=\"uagb-heading-text\">Danmarketing &#8211; Dynamic Marketingbureau med Fokus p\u00e5 Resultater<\/h2><\/div>\n\n\n\n<div class=\"wp-block-uagb-container uagb-block-440ea6bf\">\n<div class=\"wp-block-uagb-advanced-heading uagb-block-71538fbe\"><h3 class=\"uagb-heading-text\">Danmarketing har hjulpet mange virksomheder med at n\u00e5 deres m\u00e5l gennem innovative digitale strategier og skr\u00e6ddersyede l\u00f8sninger, hvilket har resulteret i konkret v\u00e6kst og synlighed p\u00e5 markedet.<\/h3><\/div>\n\n\n\n<div class=\"wp-block-uagb-advanced-heading uagb-block-5d360d71\"><p class=\"uagb-heading-text\">Hos Danmarketing forst\u00e5r vi, at hver virksomhed er unik. Vores team skaber innovative markedsf\u00f8ringsstrategier der har resulteret i betydelig v\u00e6kst for vores kunder, fra sm\u00e5 startups til etablerede store virksomheder.<\/p><p class=\"uagb-desc-text\">Siden vores opstart har Danmarketing v\u00e6ret dedikeret til at levere skr\u00e6ddersyede marketingl\u00f8sninger til vores kunder. Vores fokus p\u00e5 resultater har sikret, at vi etablerer langvarige relationer med vores kunder og hj\u00e6lper dem med at navigere i det digitale landskab.<\/p><\/div>\n<\/div>\n<\/div><\/div>\n\n\n\n<div class=\"wp-block-uagb-container uagb-block-055eb44d alignfull uagb-is-root-container\"><\/div>\n\n\n\n<div class=\"wp-block-uagb-container uagb-block-d1380e5f alignfull uagb-is-root-container\"><div class=\"uagb-container-inner-blocks-wrap\">\n<div class=\"wp-block-uagb-container uag-blocks-common-selector uagb-layout-flex uagb-block-668251dd default uagb-is-root-container\">\n<div class=\"wp-block-uagb-info-box uagb-block-00ad18c3 uagb-infobox__content-wrap  uagb-infobox-icon-above-title uagb-infobox-image-valign-top\"><div class=\"uagb-ifb-content\"><div class=\"uagb-ifb-title-wrap\"><span class=\"uagb-ifb-title-prefix\">Vores Mission<\/span><h2 class=\"uagb-ifb-title\">Vores mission som marketingpartner<\/h2><\/div><p class=\"uagb-ifb-desc\">Danmarketing str\u00e6ber efter at levere exceptionelle digitale marketingl\u00f8sninger, der styrker vores kunders brand og v\u00e6kst. Vi \u00f8nsker at v\u00e6re den betroede partner, der forvandler ambitioner til resultater.<\/p><\/div><\/div>\n\n\n\n<div class=\"wp-block-uagb-container uagb-block-50df1689\">\n<div class=\"wp-block-uagb-info-box uagb-block-7edf9ae1 uagb-infobox__content-wrap  uagb-infobox-icon-above-title uagb-infobox-image-valign-top\"><div class=\"uagb-ifb-content\"><div class=\"uagb-ifb-title-wrap\"><span class=\"uagb-ifb-title-prefix\">Vores V\u00e6rdi<\/span><h2 class=\"uagb-ifb-title\">Vores kernev\u00e6rdier<\/h2><\/div><p class=\"uagb-ifb-desc\">Vi v\u00e6rds\u00e6tter innovation, integritet og samarbejde i alt, hvad vi g\u00f8r. Vores m\u00e5l er at skabe v\u00e6rdi for vores kunder og hj\u00e6lpe dem med at n\u00e5 nye h\u00f8jder.<\/p><\/div><\/div>\n\n\n\n<div class=\"wp-block-uagb-icon-list uagb-block-d3635b82\"><div class=\"uagb-icon-list__wrap\">\n<div class=\"wp-block-uagb-icon-list-child uagb-block-c7354038\"><span class=\"uagb-icon-list__source-wrap\"><svg xmlns=\"https:\/\/www.w3.org\/2000\/svg\" viewBox=\"0 0 448 512\"><path d=\"M438.6 105.4C451.1 117.9 451.1 138.1 438.6 150.6L182.6 406.6C170.1 419.1 149.9 419.1 137.4 406.6L9.372 278.6C-3.124 266.1-3.124 245.9 9.372 233.4C21.87 220.9 42.13 220.9 54.63 233.4L159.1 338.7L393.4 105.4C405.9 92.88 426.1 92.88 438.6 105.4H438.6z\"><\/path><\/svg><\/span><span class=\"uagb-icon-list__label\">Innovation i hver strategi og l\u00f8sning<\/span><\/div>\n\n\n\n<div class=\"wp-block-uagb-icon-list-child uagb-block-ab25e6cc\"><span class=\"uagb-icon-list__source-wrap\"><svg xmlns=\"https:\/\/www.w3.org\/2000\/svg\" viewBox=\"0 0 448 512\"><path d=\"M438.6 105.4C451.1 117.9 451.1 138.1 438.6 150.6L182.6 406.6C170.1 419.1 149.9 419.1 137.4 406.6L9.372 278.6C-3.124 266.1-3.124 245.9 9.372 233.4C21.87 220.9 42.13 220.9 54.63 233.4L159.1 338.7L393.4 105.4C405.9 92.88 426.1 92.88 438.6 105.4H438.6z\"><\/path><\/svg><\/span><span class=\"uagb-icon-list__label\">Integritet i vores relationer og processer<\/span><\/div>\n\n\n\n<div class=\"wp-block-uagb-icon-list-child uagb-block-2061c740\"><span class=\"uagb-icon-list__source-wrap\"><svg xmlns=\"https:\/\/www.w3.org\/2000\/svg\" viewBox=\"0 0 448 512\"><path d=\"M438.6 105.4C451.1 117.9 451.1 138.1 438.6 150.6L182.6 406.6C170.1 419.1 149.9 419.1 137.4 406.6L9.372 278.6C-3.124 266.1-3.124 245.9 9.372 233.4C21.87 220.9 42.13 220.9 54.63 233.4L159.1 338.7L393.4 105.4C405.9 92.88 426.1 92.88 438.6 105.4H438.6z\"><\/path><\/svg><\/span><span class=\"uagb-icon-list__label\">Samarbejde for at opn\u00e5 f\u00e6lles m\u00e5l<\/span><\/div>\n<\/div><\/div>\n<\/div>\n<\/div>\n<\/div><\/div>\n\n\n\n<div class=\"wp-block-uagb-container uagb-layout-grid uagb-block-fadd42c5 alignfull uagb-is-root-container\"><div class=\"uagb-container-inner-blocks-wrap\">\n<div class=\"wp-block-uagb-image uagb-block-f38a8aa3 wp-block-uagb-image--layout-default wp-block-uagb-image--effect-static wp-block-uagb-image--align-none\"><figure class=\"wp-block-uagb-image__figure\"><img decoding=\"async\" srcset=\"https:\/\/danmarketing.dk\/wp-content\/uploads\/2025\/01\/pexels-photo-6483580.jpeg ,https:\/\/danmarketing.dk\/wp-content\/uploads\/2025\/01\/pexels-photo-6483580.jpeg 780w, https:\/\/danmarketing.dk\/wp-content\/uploads\/2025\/01\/pexels-photo-6483580.jpeg 360w\" sizes=\"auto, (max-width: 480px) 150px\" src=\"https:\/\/danmarketing.dk\/wp-content\/uploads\/2025\/01\/pexels-photo-6483580.jpeg\" alt=\"\" class=\"uag-image-19\" width=\"560\" height=\"450\" title=\"our-story\" loading=\"lazy\" role=\"img\"\/><\/figure><\/div>\n\n\n\n<div class=\"wp-block-uagb-info-box uagb-block-1dd6d35e uagb-infobox__content-wrap  uagb-infobox-icon-above-title uagb-infobox-image-valign-top\"><div class=\"uagb-ifb-content\"><div class=\"uagb-ifb-title-wrap\"><span class=\"uagb-ifb-title-prefix\">Vores rejse<\/span><h2 class=\"uagb-ifb-title\">Hvordan Danmarketing blev til en brancheleder<\/h2><\/div><p class=\"uagb-ifb-desc\">Danmarketing blev grundlagt i 2015 med en vision om at revolutionere digital markedsf\u00f8ring i Danmark. Gennem \u00e5rene har vi arbejdet h\u00e5rdt for at opbygge et st\u00e6rkt team og et solidt omd\u00f8mme, hvilket har resulteret i mange tilfredse kunder og dokumenterede resultater fra vores marketingstrategier.<\/p><\/div><\/div>\n<\/div><\/div>\n\n\n\n<div class=\"wp-block-uagb-container uagb-block-288b055f alignfull uagb-is-root-container\"><div class=\"uagb-container-inner-blocks-wrap\">\n<div class=\"wp-block-uagb-container uag-blocks-common-selector uagb-layout-grid uagb-block-f5b117b5 default uagb-is-root-container\">\n<div class=\"wp-block-uagb-info-box uagb-block-23d92e6f uagb-infobox__content-wrap  uagb-infobox-icon-above-title uagb-infobox-image-valign-top\"><div class=\"uagb-ifb-content\"><div class=\"uagb-ifb-title-wrap\"><span class=\"uagb-ifb-title-prefix\">Lad os starte<\/span><h2 class=\"uagb-ifb-title\">Tag kontakt til Danmarketing for at h\u00f8re mere<\/h2><\/div><p class=\"uagb-ifb-desc\">Vi st\u00e5r klar til at hj\u00e6lpe din virksomhed med at vokse.<\/p><\/div><\/div>\n\n\n\n<div class=\"wp-block-uagb-buttons uagb-buttons__outer-wrap uagb-btn__default-btn uagb-btn-tablet__default-btn uagb-btn-mobile__default-btn uagb-block-7f94030b\"><div class=\"uagb-buttons__wrap uagb-buttons-layout-wrap \">\n<div class=\"wp-block-uagb-buttons-child uagb-buttons__outer-wrap uagb-block-01974e58 wp-block-button\"><div class=\"uagb-button__wrapper\"><a class=\"uagb-buttons-repeater wp-block-button__link\" aria-label=\"\" href=\"contact\/\" rel=\"follow noopener\" target=\"_self\" role=\"button\"><div class=\"uagb-button__link\">Kontakt os<\/div><\/a><\/div><\/div>\n<\/div><\/div>\n<\/div>\n<\/div><\/div>\n","protected":false},"excerpt":{"rendered":"<p>Opdag vores marketingekspertise Vi hj\u00e6lper virksomheder med at vokse digitalt Om os Danmarketing &#8211; Dynamic Marketingbureau med Fokus p\u00e5 Resultater [&hellip;]<\/p>\n","protected":false},"author":1,"featured_media":0,"parent":0,"menu_order":0,"comment_status":"closed","ping_status":"closed","template":"","meta":{"_uag_custom_page_level_css":"","site-sidebar-layout":"default","site-content-layout":"","ast-site-content-layout":"default","site-content-style":"default","site-sidebar-style":"default","ast-global-header-display":"","ast-banner-title-visibility":"","ast-main-header-display":"","ast-hfb-above-header-display":"","ast-hfb-below-header-display":"","ast-hfb-mobile-header-display":"","site-post-title":"disabled","ast-breadcrumbs-content":"","ast-featured-img":"","footer-sml-layout":"","theme-transparent-header-meta":"","adv-header-id-meta":"","stick-header-meta":"","header-above-stick-meta":"","header-main-stick-meta":"","header-below-stick-meta":"","astra-migrate-meta-layouts":"default","ast-page-background-enabled":"default","ast-page-background-meta":{"desktop":{"background-color":"var(--ast-global-color-4)","background-image":"","background-repeat":"repeat","background-position":"center center","background-size":"auto","background-attachment":"scroll","background-type":"","background-media":"","overlay-type":"","overlay-color":"","overlay-opacity":"","overlay-gradient":""},"tablet":{"background-color":"","background-image":"","background-repeat":"repeat","background-position":"center center","background-size":"auto","background-attachment":"scroll","background-type":"","background-media":"","overlay-type":"","overlay-color":"","overlay-opacity":"","overlay-gradient":""},"mobile":{"background-color":"","background-image":"","background-repeat":"repeat","background-position":"center center","background-size":"auto","background-attachment":"scroll","background-type":"","background-media":"","overlay-type":"","overlay-color":"","overlay-opacity":"","overlay-gradient":""}},"ast-content-background-meta":{"desktop":{"background-color":"var(--ast-global-color-5)","background-image":"","background-repeat":"repeat","background-position":"center center","background-size":"auto","background-attachment":"scroll","background-type":"","background-media":"","overlay-type":"","overlay-color":"","overlay-opacity":"","overlay-gradient":""},"tablet":{"background-color":"var(--ast-global-color-5)","background-image":"","background-repeat":"repeat","background-position":"center center","background-size":"auto","background-attachment":"scroll","background-type":"","background-media":"","overlay-type":"","overlay-color":"","overlay-opacity":"","overlay-gradient":""},"mobile":{"background-color":"var(--ast-global-color-5)","background-image":"","background-repeat":"repeat","background-position":"center center","background-size":"auto","background-attachment":"scroll","background-type":"","background-media":"","overlay-type":"","overlay-color":"","overlay-opacity":"","overlay-gradient":""}},"footnotes":""},"class_list":["post-29","page","type-page","status-publish","hentry"],"uagb_featured_image_src":{"full":false,"thumbnail":false,"medium":false,"medium_large":false,"large":false,"1536x1536":false,"2048x2048":false},"uagb_author_info":{"display_name":"admin","author_link":"https:\/\/danmarketing.dk\/?author=1"},"uagb_comment_info":0,"uagb_excerpt":"Opdag vores marketingekspertise Vi hj\u00e6lper virksomheder med at vokse digitalt Om os Danmarketing &#8211; Dynamic Marketingbureau med Fokus p\u00e5 Resultater [&hellip;]","_links":{"self":[{"href":"https:\/\/danmarketing.dk\/index.php?rest_route=\/wp\/v2\/pages\/29","targetHints":{"allow":["GET"]}}],"collection":[{"href":"https:\/\/danmarketing.dk\/index.php?rest_route=\/wp\/v2\/pages"}],"about":[{"href":"https:\/\/danmarketing.dk\/index.php?rest_route=\/wp\/v2\/types\/page"}],"author":[{"embeddable":true,"href":"https:\/\/danmarketing.dk\/index.php?rest_route=\/wp\/v2\/users\/1"}],"replies":[{"embeddable":true,"href":"https:\/\/danmarketing.dk\/index.php?rest_route=%2Fwp%2Fv2%2Fcomments&post=29"}],"version-history":[{"count":2,"href":"https:\/\/danmarketing.dk\/index.php?rest_route=\/wp\/v2\/pages\/29\/revisions"}],"predecessor-version":[{"id":325,"href":"https:\/\/danmarketing.dk\/index.php?rest_route=\/wp\/v2\/pages\/29\/revisions\/325"}],"wp:attachment":[{"href":"https:\/\/danmarketing.dk\/index.php?rest_route=%2Fwp%2Fv2%2Fmedia&parent=29"}],"curies":[{"name":"wp","href":"https:\/\/api.w.org\/{rel}","templated":true}]}}