{"id":30,"date":"2025-01-02T10:29:42","date_gmt":"2025-01-02T10:29:42","guid":{"rendered":"https:\/\/danmarketing.dk\/?page_id=30"},"modified":"2025-01-02T10:29:45","modified_gmt":"2025-01-02T10:29:45","slug":"services","status":"publish","type":"page","link":"https:\/\/danmarketing.dk\/?page_id=30","title":{"rendered":"Services"},"content":{"rendered":"\n<div class=\"wp-block-uagb-container uagb-block-c832201d alignfull uagb-is-root-container\">\n<div class=\"wp-block-uagb-container uagb-block-64e228b6 alignfull uagb-is-root-container\"><div class=\"uagb-container-inner-blocks-wrap\">\n<div class=\"wp-block-uagb-advanced-heading uagb-block-c75532a5\"><p class=\"uagb-desc-text\">Udforsk vores effektive l\u00f8sninger<\/p><h1 class=\"uagb-heading-text\">Skr\u00e6ddersyede marketingstrategier til din virksomhed<\/h1><\/div>\n<\/div><\/div>\n<\/div>\n\n\n\n<div class=\"wp-block-uagb-container uagb-block-c688d207 alignfull uagb-is-root-container\"><div class=\"uagb-container-inner-blocks-wrap\">\n<div class=\"wp-block-uagb-container uagb-block-1167476f\">\n<div class=\"wp-block-uagb-image uagb-block-68a3ccf7 wp-block-uagb-image--layout-default wp-block-uagb-image--effect-static wp-block-uagb-image--align-none\"><figure class=\"wp-block-uagb-image__figure\"><img decoding=\"async\" srcset=\"https:\/\/danmarketing.dk\/wp-content\/uploads\/2025\/01\/pexels-photo-699459.jpeg ,https:\/\/danmarketing.dk\/wp-content\/uploads\/2025\/01\/pexels-photo-699459.jpeg 780w, https:\/\/danmarketing.dk\/wp-content\/uploads\/2025\/01\/pexels-photo-699459.jpeg 360w\" sizes=\"auto, (max-width: 480px) 150px\" src=\"https:\/\/danmarketing.dk\/wp-content\/uploads\/2025\/01\/pexels-photo-699459.jpeg\" alt=\"\" class=\"uag-image-13\" width=\"600\" height=\"400\" title=\"services-01\" loading=\"lazy\" role=\"img\"\/><\/figure><\/div>\n\n\n\n<div class=\"wp-block-uagb-container uagb-block-29b39a92\">\n<div class=\"wp-block-uagb-info-box uagb-block-83424adf uagb-infobox__content-wrap  uagb-infobox-icon-above-title uagb-infobox-image-valign-top\"><div class=\"uagb-ifb-content\"><div class=\"uagb-ifb-title-wrap\"><h2 class=\"uagb-ifb-title-prefix\">01<\/h2><p class=\"uagb-ifb-title\">Digital Markedsf\u00f8ring<\/p><\/div><p class=\"uagb-ifb-desc\">Vi tilbyder skr\u00e6ddersyede digitale markedsf\u00f8ringsstrategier, der hj\u00e6lper med at \u00f8ge din synlighed, engagere dine kunder og maksimere dit online salg.<\/p><\/div><\/div>\n<\/div>\n<\/div>\n\n\n\n<div class=\"wp-block-uagb-container uagb-block-317de306\">\n<div class=\"wp-block-uagb-image uagb-block-e932dfec wp-block-uagb-image--layout-default wp-block-uagb-image--effect-static wp-block-uagb-image--align-none\"><figure class=\"wp-block-uagb-image__figure\"><img decoding=\"async\" srcset=\"https:\/\/danmarketing.dk\/wp-content\/uploads\/2025\/01\/pexels-photo-3194524.jpeg ,https:\/\/danmarketing.dk\/wp-content\/uploads\/2025\/01\/pexels-photo-3194524.jpeg 780w, https:\/\/danmarketing.dk\/wp-content\/uploads\/2025\/01\/pexels-photo-3194524.jpeg 360w\" sizes=\"auto, (max-width: 480px) 150px\" src=\"https:\/\/danmarketing.dk\/wp-content\/uploads\/2025\/01\/pexels-photo-3194524.jpeg\" alt=\"\" class=\"uag-image-14\" width=\"600\" height=\"400\" title=\"services-02\" loading=\"lazy\" role=\"img\"\/><\/figure><\/div>\n\n\n\n<div class=\"wp-block-uagb-container uagb-block-7d6d92de\">\n<div class=\"wp-block-uagb-info-box uagb-block-affe01c7 uagb-infobox__content-wrap  uagb-infobox-icon-above-title uagb-infobox-image-valign-top\"><div class=\"uagb-ifb-content\"><div class=\"uagb-ifb-title-wrap\"><h2 class=\"uagb-ifb-title-prefix\">02<\/h2><p class=\"uagb-ifb-title\">Strategiudvikling<\/p><\/div><p class=\"uagb-ifb-desc\">Vores team udvikler strategier, der er tilpasset dine unikke forretningsm\u00e5l, hvilket sikrer en m\u00e5lrettet og effektiv tilgang til markedsf\u00f8ring.<\/p><\/div><\/div>\n<\/div>\n<\/div>\n\n\n\n<div class=\"wp-block-uagb-container uagb-block-1ff6c7ae\">\n<div class=\"wp-block-uagb-image uagb-block-a5d9daa2 wp-block-uagb-image--layout-default wp-block-uagb-image--effect-static wp-block-uagb-image--align-none\"><figure class=\"wp-block-uagb-image__figure\"><img decoding=\"async\" srcset=\"https:\/\/danmarketing.dk\/wp-content\/uploads\/2025\/01\/pexels-photo-1092671.jpeg ,https:\/\/danmarketing.dk\/wp-content\/uploads\/2025\/01\/pexels-photo-1092671.jpeg 780w, https:\/\/danmarketing.dk\/wp-content\/uploads\/2025\/01\/pexels-photo-1092671.jpeg 360w\" sizes=\"auto, (max-width: 480px) 150px\" src=\"https:\/\/danmarketing.dk\/wp-content\/uploads\/2025\/01\/pexels-photo-1092671.jpeg\" alt=\"\" class=\"uag-image-15\" width=\"600\" height=\"400\" title=\"services-03\" loading=\"lazy\" role=\"img\"\/><\/figure><\/div>\n\n\n\n<div class=\"wp-block-uagb-container uagb-block-1f5162ad\">\n<div class=\"wp-block-uagb-info-box uagb-block-ca864fac uagb-infobox__content-wrap  uagb-infobox-icon-above-title uagb-infobox-image-valign-top\"><div class=\"uagb-ifb-content\"><div class=\"uagb-ifb-title-wrap\"><h2 class=\"uagb-ifb-title-prefix\">03<\/h2><p class=\"uagb-ifb-title\">Branding&amp; Identitet<\/p><\/div><p class=\"uagb-ifb-desc\">Vi hj\u00e6lper virksomheder med at skabe og styrke deres brandidentitet gennem kreativ branding, der resonerer med m\u00e5lgruppen og fremmer loyalitet.<\/p><\/div><\/div>\n<\/div>\n<\/div>\n\n\n\n<div class=\"wp-block-uagb-container uagb-block-71b4b602\">\n<div class=\"wp-block-uagb-image uagb-block-e828b8ef wp-block-uagb-image--layout-default wp-block-uagb-image--effect-static wp-block-uagb-image--align-none\"><figure class=\"wp-block-uagb-image__figure\"><img decoding=\"async\" srcset=\"https:\/\/danmarketing.dk\/wp-content\/uploads\/2025\/01\/pexels-photo-590016.jpeg ,https:\/\/danmarketing.dk\/wp-content\/uploads\/2025\/01\/pexels-photo-590016.jpeg 780w, https:\/\/danmarketing.dk\/wp-content\/uploads\/2025\/01\/pexels-photo-590016.jpeg 360w\" sizes=\"auto, (max-width: 480px) 150px\" src=\"https:\/\/danmarketing.dk\/wp-content\/uploads\/2025\/01\/pexels-photo-590016.jpeg\" alt=\"\" class=\"uag-image-16\" width=\"600\" height=\"400\" title=\"services-04\" loading=\"lazy\" role=\"img\"\/><\/figure><\/div>\n\n\n\n<div class=\"wp-block-uagb-container uagb-block-fde4aeb3\">\n<div class=\"wp-block-uagb-info-box uagb-block-c1cad624 uagb-infobox__content-wrap  uagb-infobox-icon-above-title uagb-infobox-image-valign-top\"><div class=\"uagb-ifb-content\"><div class=\"uagb-ifb-title-wrap\"><h2 class=\"uagb-ifb-title-prefix\">04<\/h2><p class=\"uagb-ifb-title\">Analyser&amp; Rapportering<\/p><\/div><p class=\"uagb-ifb-desc\">Vi leverer dybdeg\u00e5ende analyser og rapportering, s\u00e5 du kan forst\u00e5 resultaterne af dine marketingindsatser og tilpasse strategier for maksimal effektivitet.<\/p><\/div><\/div>\n<\/div>\n<\/div>\n<\/div><\/div>\n\n\n\n<div class=\"wp-block-uagb-container uagb-block-65ca346b alignfull uagb-is-root-container\"><div class=\"uagb-container-inner-blocks-wrap\">\n<div class=\"wp-block-uagb-advanced-heading uagb-block-2e2f5ae6\"><p class=\"uagb-desc-text\">S\u00e5dan arbejder vi<\/p><h2 class=\"uagb-heading-text\">Effektive strategier der fungerer<\/h2><\/div>\n\n\n\n<div class=\"wp-block-uagb-container uagb-block-64b2afa7\">\n<div class=\"wp-block-uagb-container uagb-block-5f3c304b\">\n<div class=\"wp-block-uagb-container uagb-layout-grid uagb-block-83d5db4c\">\n<div class=\"wp-block-uagb-advanced-heading uagb-block-0368c07f\"><p class=\"uagb-desc-text\">Step<\/p><\/div>\n\n\n\n<div class=\"wp-block-uagb-advanced-heading uagb-block-75d61706\"><h2 class=\"uagb-heading-text\">01<\/h2><\/div>\n<\/div>\n\n\n\n<div class=\"wp-block-uagb-advanced-heading uagb-block-058b9313\"><p class=\"uagb-heading-text\">Analyse<\/p><p class=\"uagb-desc-text\">Vi udf\u00f8rer en grundig analyse af dine behov og markedet.<\/p><\/div>\n<\/div>\n\n\n\n<div class=\"wp-block-uagb-container uagb-block-d9284c02\">\n<div class=\"wp-block-uagb-container uagb-layout-grid uagb-block-19ef9116\">\n<div class=\"wp-block-uagb-advanced-heading uagb-block-8a638f21\"><p class=\"uagb-desc-text\">Step<\/p><\/div>\n\n\n\n<div class=\"wp-block-uagb-advanced-heading uagb-block-10b727d7\"><h2 class=\"uagb-heading-text\">02<\/h2><\/div>\n<\/div>\n\n\n\n<div class=\"wp-block-uagb-advanced-heading uagb-block-70a66198\"><p class=\"uagb-heading-text\">Strategi<\/p><p class=\"uagb-desc-text\">Vi udvikler en tilpasset strategi baseret p\u00e5 analyserne.<\/p><\/div>\n<\/div>\n\n\n\n<div class=\"wp-block-uagb-container uagb-block-96696703\">\n<div class=\"wp-block-uagb-container uagb-layout-grid uagb-block-9a5e32d4\">\n<div class=\"wp-block-uagb-advanced-heading uagb-block-67b7aa46\"><p class=\"uagb-desc-text\">Step<\/p><\/div>\n\n\n\n<div class=\"wp-block-uagb-advanced-heading uagb-block-ebc92c9d\"><h2 class=\"uagb-heading-text\">03<\/h2><\/div>\n<\/div>\n\n\n\n<div class=\"wp-block-uagb-advanced-heading uagb-block-097d06d1\"><p class=\"uagb-heading-text\">Implementering<\/p><p class=\"uagb-desc-text\">Vi implementerer strategien med fokus p\u00e5 optimale resultater.<\/p><\/div>\n<\/div>\n<\/div>\n<\/div><\/div>\n\n\n\n<div class=\"wp-block-uagb-container uagb-block-288b055f alignfull uagb-is-root-container\"><div class=\"uagb-container-inner-blocks-wrap\">\n<div class=\"wp-block-uagb-container uag-blocks-common-selector uagb-layout-grid uagb-block-f5b117b5 default uagb-is-root-container\">\n<div class=\"wp-block-uagb-info-box uagb-block-23d92e6f uagb-infobox__content-wrap  uagb-infobox-icon-above-title uagb-infobox-image-valign-top\"><div class=\"uagb-ifb-content\"><div class=\"uagb-ifb-title-wrap\"><span class=\"uagb-ifb-title-prefix\">Lad os starte<\/span><h2 class=\"uagb-ifb-title\">Tag kontakt til Danmarketing for at h\u00f8re mere<\/h2><\/div><p class=\"uagb-ifb-desc\">Vi st\u00e5r klar til at hj\u00e6lpe din virksomhed med at vokse.<\/p><\/div><\/div>\n\n\n\n<div class=\"wp-block-uagb-buttons uagb-buttons__outer-wrap uagb-btn__default-btn uagb-btn-tablet__default-btn uagb-btn-mobile__default-btn uagb-block-7f94030b\"><div class=\"uagb-buttons__wrap uagb-buttons-layout-wrap \">\n<div class=\"wp-block-uagb-buttons-child uagb-buttons__outer-wrap uagb-block-01974e58 wp-block-button\"><div class=\"uagb-button__wrapper\"><a class=\"uagb-buttons-repeater wp-block-button__link\" aria-label=\"\" href=\"contact\/\" rel=\"follow noopener\" target=\"_self\" role=\"button\"><div class=\"uagb-button__link\">Kontakt os<\/div><\/a><\/div><\/div>\n<\/div><\/div>\n<\/div>\n<\/div><\/div>\n","protected":false},"excerpt":{"rendered":"<p>Udforsk vores effektive l\u00f8sninger Skr\u00e6ddersyede marketingstrategier til din virksomhed S\u00e5dan arbejder vi Effektive strategier der fungerer Step 01 Analyse Vi [&hellip;]<\/p>\n","protected":false},"author":1,"featured_media":0,"parent":0,"menu_order":0,"comment_status":"closed","ping_status":"closed","template":"","meta":{"_uag_custom_page_level_css":"","site-sidebar-layout":"default","site-content-layout":"","ast-site-content-layout":"default","site-content-style":"default","site-sidebar-style":"default","ast-global-header-display":"","ast-banner-title-visibility":"","ast-main-header-display":"","ast-hfb-above-header-display":"","ast-hfb-below-header-display":"","ast-hfb-mobile-header-display":"","site-post-title":"disabled","ast-breadcrumbs-content":"","ast-featured-img":"","footer-sml-layout":"","theme-transparent-header-meta":"","adv-header-id-meta":"","stick-header-meta":"","header-above-stick-meta":"","header-main-stick-meta":"","header-below-stick-meta":"","astra-migrate-meta-layouts":"default","ast-page-background-enabled":"default","ast-page-background-meta":{"desktop":{"background-color":"var(--ast-global-color-4)","background-image":"","background-repeat":"repeat","background-position":"center center","background-size":"auto","background-attachment":"scroll","background-type":"","background-media":"","overlay-type":"","overlay-color":"","overlay-opacity":"","overlay-gradient":""},"tablet":{"background-color":"","background-image":"","background-repeat":"repeat","background-position":"center center","background-size":"auto","background-attachment":"scroll","background-type":"","background-media":"","overlay-type":"","overlay-color":"","overlay-opacity":"","overlay-gradient":""},"mobile":{"background-color":"","background-image":"","background-repeat":"repeat","background-position":"center center","background-size":"auto","background-attachment":"scroll","background-type":"","background-media":"","overlay-type":"","overlay-color":"","overlay-opacity":"","overlay-gradient":""}},"ast-content-background-meta":{"desktop":{"background-color":"var(--ast-global-color-5)","background-image":"","background-repeat":"repeat","background-position":"center center","background-size":"auto","background-attachment":"scroll","background-type":"","background-media":"","overlay-type":"","overlay-color":"","overlay-opacity":"","overlay-gradient":""},"tablet":{"background-color":"var(--ast-global-color-5)","background-image":"","background-repeat":"repeat","background-position":"center center","background-size":"auto","background-attachment":"scroll","background-type":"","background-media":"","overlay-type":"","overlay-color":"","overlay-opacity":"","overlay-gradient":""},"mobile":{"background-color":"var(--ast-global-color-5)","background-image":"","background-repeat":"repeat","background-position":"center center","background-size":"auto","background-attachment":"scroll","background-type":"","background-media":"","overlay-type":"","overlay-color":"","overlay-opacity":"","overlay-gradient":""}},"footnotes":""},"class_list":["post-30","page","type-page","status-publish","hentry"],"uagb_featured_image_src":{"full":false,"thumbnail":false,"medium":false,"medium_large":false,"large":false,"1536x1536":false,"2048x2048":false},"uagb_author_info":{"display_name":"admin","author_link":"https:\/\/danmarketing.dk\/?author=1"},"uagb_comment_info":0,"uagb_excerpt":"Udforsk vores effektive l\u00f8sninger Skr\u00e6ddersyede marketingstrategier til din virksomhed S\u00e5dan arbejder vi Effektive strategier der fungerer Step 01 Analyse Vi [&hellip;]","_links":{"self":[{"href":"https:\/\/danmarketing.dk\/index.php?rest_route=\/wp\/v2\/pages\/30","targetHints":{"allow":["GET"]}}],"collection":[{"href":"https:\/\/danmarketing.dk\/index.php?rest_route=\/wp\/v2\/pages"}],"about":[{"href":"https:\/\/danmarketing.dk\/index.php?rest_route=\/wp\/v2\/types\/page"}],"author":[{"embeddable":true,"href":"https:\/\/danmarketing.dk\/index.php?rest_route=\/wp\/v2\/users\/1"}],"replies":[{"embeddable":true,"href":"https:\/\/danmarketing.dk\/index.php?rest_route=%2Fwp%2Fv2%2Fcomments&post=30"}],"version-history":[{"count":2,"href":"https:\/\/danmarketing.dk\/index.php?rest_route=\/wp\/v2\/pages\/30\/revisions"}],"predecessor-version":[{"id":324,"href":"https:\/\/danmarketing.dk\/index.php?rest_route=\/wp\/v2\/pages\/30\/revisions\/324"}],"wp:attachment":[{"href":"https:\/\/danmarketing.dk\/index.php?rest_route=%2Fwp%2Fv2%2Fmedia&parent=30"}],"curies":[{"name":"wp","href":"https:\/\/api.w.org\/{rel}","templated":true}]}}